{"id":12,"date":"2024-09-28T14:06:45","date_gmt":"2024-09-28T14:06:45","guid":{"rendered":"https:\/\/cruzeiroparabahamas.com\/?page_id=12"},"modified":"2024-10-02T02:01:31","modified_gmt":"2024-10-02T02:01:31","slug":"cruzeiro-para-as-bahamas","status":"publish","type":"page","link":"https:\/\/cruzeiroparabahamas.com\/","title":{"rendered":"Cruzeiro Para as Bahamas"},"content":{"rendered":"\n<h2 class=\"wp-block-heading\" style=\"font-size:22px\">Cruzeiro Para as Bahamas Saindo de Miami ou\u00a0Fort Lauderdale ou Palm Beach<\/h2>\n\n\n\n<div class=\"wp-block-columns is-layout-flex wp-container-core-columns-is-layout-9d6595d7 wp-block-columns-is-layout-flex\">\n<div class=\"wp-block-column is-layout-flow wp-block-column-is-layout-flow\"><div class=\"wp-block-image\">\n<figure class=\"aligncenter size-full\"><img decoding=\"async\"  src=\"data:image\/gif,GIF89a%01%00%01%00%80%00%00%00%00%00%FF%FF%FF%21%F9%04%01%00%00%00%00%2C%00%00%00%00%01%00%01%00%00%02%01D%00%3B\" data-layzr=\"https:\/\/cruzeiroparabahamas.com\/wp-content\/uploads\/2024\/09\/Tropical-drinks-on-a-Caribbean-beach-680-249-27.jpg\" alt=\"Bebidas tropicais em uma praia caribenha\" class=\"wp-image-16\"\/><figcaption class=\"wp-element-caption\">Bebidas tropicais em uma praia caribenha<\/figcaption><\/figure>\n<\/div><\/div>\n<\/div>\n\n\n\n<div class=\"wp-block-columns is-layout-flex wp-container-core-columns-is-layout-9d6595d7 wp-block-columns-is-layout-flex\">\n<div class=\"wp-block-column is-layout-flow wp-block-column-is-layout-flow\">\n<hr class=\"wp-block-separator has-alpha-channel-opacity is-style-wide\"\/>\n\n\n\n<p class=\"has-text-align-center\">An\u00fancio<\/p>\n\n\n\n<!-- Google ads-->\n<script async src=\"https:\/\/pagead2.googlesyndication.com\/pagead\/js\/adsbygoogle.js?client=ca-pub-2209331448240614\"\n     crossorigin=\"anonymous\"><\/script>\n<!-- CruzeiroParaBahamas -->\n<ins class=\"adsbygoogle\"\n     style=\"display:block\"\n     data-ad-client=\"ca-pub-2209331448240614\"\n     data-ad-slot=\"8947626811\"\n     data-ad-format=\"auto\"\n     data-full-width-responsive=\"true\"><\/ins>\n<script>\n     (adsbygoogle = window.adsbygoogle || []).push({});\n<\/script>\n<!-- \/Google ads-->\n\n\n\n<p class=\"has-text-align-center\">Continue lendo sobre Bahamas<\/p>\n\n\n\n<hr class=\"wp-block-separator has-alpha-channel-opacity is-style-wide\"\/>\n<\/div>\n<\/div>\n\n\n\n<h2 class=\"wp-block-heading\">Cruzeiro para Bimini Bahamas ou Freeport Bahamas<\/h2>\n\n\n\n<div class=\"wp-block-columns is-layout-flex wp-container-core-columns-is-layout-9d6595d7 wp-block-columns-is-layout-flex\">\n<div class=\"wp-block-column has-background is-layout-flow wp-block-column-is-layout-flow\" style=\"background-color:#e9fbf4\">\n<h2 class=\"wp-block-heading has-text-align-center\">Ilha de Bimini, nas Bahamas ou Freeport Bahamas<\/h2>\n\n\n\n<p class=\"has-text-align-center has-medium-font-size\"><strong>Cruzeiro para Bahamas, mais barato e a melhor maneira de chegar a Bahamas<\/strong><\/p>\n<\/div>\n<\/div>\n\n\n\n<div style=\"height:40px\" aria-hidden=\"true\" class=\"wp-block-spacer\"><\/div>\n\n\n\n<div class=\"wp-block-columns is-layout-flex wp-container-core-columns-is-layout-9d6595d7 wp-block-columns-is-layout-flex\">\n<div class=\"wp-block-column is-layout-flow wp-block-column-is-layout-flow\">\n<div class=\"wp-block-columns is-layout-flex wp-container-core-columns-is-layout-9d6595d7 wp-block-columns-is-layout-flex\">\n<div class=\"wp-block-column has-background is-layout-flow wp-block-column-is-layout-flow\" style=\"background-color:#eff7fd\">\n<h2 class=\"wp-block-heading has-text-align-center\" style=\"font-size:22px\">Cruzeiro para Grande Ilha Bahamas partindo de Fort Lauderdale Floida<\/h2>\n\n\n\n<h2 class=\"wp-block-heading has-text-align-center\">Cruise to Freeport from Fort Lauderdale Florida<\/h2>\n\n\n\n<div class=\"wp-block-columns is-layout-flex wp-container-core-columns-is-layout-9d6595d7 wp-block-columns-is-layout-flex\">\n<div class=\"wp-block-column is-layout-flow wp-block-column-is-layout-flow\" style=\"flex-basis:33.33%\"><div class=\"wp-block-image\">\n<figure class=\"aligncenter size-full\"><a href=\"https:\/\/cruzeiroparabahamas.com\/wp-content\/uploads\/2024\/10\/golf-cart-rental-640-400-45.jpg\"><img decoding=\"async\"  src=\"data:image\/gif,GIF89a%01%00%01%00%80%00%00%00%00%00%FF%FF%FF%21%F9%04%01%00%00%00%00%2C%00%00%00%00%01%00%01%00%00%02%01D%00%3B\" data-layzr=\"https:\/\/cruzeiroparabahamas.com\/wp-content\/uploads\/2024\/10\/golf-cart-rental-640-400-45.jpg\" alt=\"Aluguel de carrinho de golfe em Bimini Bahamas\" class=\"wp-image-47\"\/><\/a><figcaption class=\"wp-element-caption\">Aluguel de carrinho de golfe em Bimini Bahamas<\/figcaption><\/figure>\n<\/div><\/div>\n\n\n\n<div class=\"wp-block-column is-layout-flow wp-block-column-is-layout-flow\" style=\"flex-basis:66.66%\">\n<p>Ponto de partida: Porto Everglades Fort Lauderdale Florida<\/p>\n\n\n\n<div class=\"wp-block-columns is-layout-flex wp-container-core-columns-is-layout-9d6595d7 wp-block-columns-is-layout-flex\">\n<div class=\"wp-block-column is-layout-flow wp-block-column-is-layout-flow\">\n<p>O Sul da Fl\u00f3rida \u00e9 um \u00f3timo lugar para visitar e para viver. Uma das coisas que ainda torna mais especial a regi\u00e3o, \u00e9 estar pr\u00f3ximo das muitas ilhas tropicais e sub-tropicais. Ent\u00e3o, se voc\u00ea est\u00e1 planejando uma f\u00e9rias longa, uma f\u00e9rias normal, uma mini-f\u00e9rias, alguma comemora\u00e7\u00e3o de dadas especiais, qualquer que seja o evento, voc\u00ea poder\u00e1 faz\u00ea-lo em um belo cruzeiro para Ilhas Bahamas. Fa\u00e7a sua reserva em (Freeport, Bahamas resorts) um dos hoteis na Ilha Bahamas e relaxe por alguns dias. Tamb\u00e9m poder\u00e1 reservar algum hotel no sul da Fl\u00f3rida antes da sua ida ao cruzeiro ou depois da sua chegada.\u00a0<\/p>\n\n\n\n<p style=\"font-size:30px\"><a href=\"https:\/\/ht41.us\/GrandBahamaIsland\" target=\"_blank\" rel=\"noreferrer noopener nofollow\"><strong>Grand Bahama Island Resorts<\/strong><\/a><\/p>\n<\/div>\n<\/div>\n<\/div>\n<\/div>\n<\/div>\n<\/div>\n\n\n\n<div class=\"wp-block-columns is-layout-flex wp-container-core-columns-is-layout-9d6595d7 wp-block-columns-is-layout-flex\">\n<div class=\"wp-block-column is-layout-flow wp-block-column-is-layout-flow\">\n<hr class=\"wp-block-separator has-alpha-channel-opacity is-style-wide\"\/>\n\n\n\n<p class=\"has-text-align-center\">An\u00fancio<\/p>\n\n\n\n<!-- Google ads-->\n<script async src=\"https:\/\/pagead2.googlesyndication.com\/pagead\/js\/adsbygoogle.js?client=ca-pub-2209331448240614\"\n     crossorigin=\"anonymous\"><\/script>\n<!-- CruzeiroParaBahamas -->\n<ins class=\"adsbygoogle\"\n     style=\"display:block\"\n     data-ad-client=\"ca-pub-2209331448240614\"\n     data-ad-slot=\"8947626811\"\n     data-ad-format=\"auto\"\n     data-full-width-responsive=\"true\"><\/ins>\n<script>\n     (adsbygoogle = window.adsbygoogle || []).push({});\n<\/script>\n<!-- \/Google ads-->\n\n\n\n<p class=\"has-text-align-center\">Continue lendo sobre Bahamas<\/p>\n\n\n\n<hr class=\"wp-block-separator has-alpha-channel-opacity is-style-wide\"\/>\n<\/div>\n<\/div>\n\n\n\n<div style=\"height:40px\" aria-hidden=\"true\" class=\"wp-block-spacer\"><\/div>\n\n\n\n<div class=\"wp-block-columns is-layout-flex wp-container-core-columns-is-layout-9d6595d7 wp-block-columns-is-layout-flex\">\n<div class=\"wp-block-column is-layout-flow wp-block-column-is-layout-flow\">\n<div class=\"wp-block-buttons is-content-justification-center is-layout-flex wp-container-core-buttons-is-layout-16018d1d wp-block-buttons-is-layout-flex\">\n<div class=\"wp-block-button\"><a class=\"wp-block-button__link has-white-color has-luminous-vivid-orange-background-color has-text-color has-background has-link-color wp-element-button\" href=\"tel:+1-954-969-0069\" style=\"border-radius:10px\"><strong>Ligue para um de nossos agentes ainda hoje<\/strong><\/a><\/div>\n<\/div>\n<\/div>\n<\/div>\n<\/div>\n<\/div>\n\n\n\n<div class=\"wp-block-columns is-layout-flex wp-container-core-columns-is-layout-9d6595d7 wp-block-columns-is-layout-flex\">\n<div class=\"wp-block-column has-background is-layout-flow wp-block-column-is-layout-flow\" style=\"background-color:#f3faf8\">\n<div class=\"wp-block-columns is-layout-flex wp-container-core-columns-is-layout-9d6595d7 wp-block-columns-is-layout-flex\">\n<div class=\"wp-block-column is-layout-flow wp-block-column-is-layout-flow\">\n<h2 class=\"wp-block-heading has-text-align-center has-medium-font-size\">Cruzeiro nas Bahamas Reserve apenas o cruzeiro ou adicione uma estadia em hotel<\/h2>\n<\/div>\n<\/div>\n\n\n\n<h2 class=\"wp-block-heading has-text-align-center\">Bahamas cruise Book the cruise only or add a hotel stay<\/h2>\n\n\n\n<div class=\"wp-block-columns is-layout-flex wp-container-core-columns-is-layout-9d6595d7 wp-block-columns-is-layout-flex\">\n<div class=\"wp-block-column is-layout-flow wp-block-column-is-layout-flow\">\n<div class=\"wp-block-columns is-layout-flex wp-container-core-columns-is-layout-9d6595d7 wp-block-columns-is-layout-flex\">\n<div class=\"wp-block-column is-layout-flow wp-block-column-is-layout-flow\">\n<div class=\"wp-block-buttons is-content-justification-center is-layout-flex wp-container-core-buttons-is-layout-16018d1d wp-block-buttons-is-layout-flex\">\n<div class=\"wp-block-button has-custom-width wp-block-button__width-100 has-custom-font-size\" style=\"font-size:21px\"><a class=\"wp-block-button__link has-white-color has-luminous-vivid-orange-background-color has-text-color has-background has-link-color wp-element-button\" style=\"border-radius:10px\"><strong>Reserve apenas o cruzeiro online<\/strong><\/a><\/div>\n<\/div>\n<\/div>\n\n\n\n<div class=\"wp-block-column is-layout-flow wp-block-column-is-layout-flow\">\n<div class=\"wp-block-buttons is-content-justification-center is-layout-flex wp-container-core-buttons-is-layout-16018d1d wp-block-buttons-is-layout-flex\">\n<div class=\"wp-block-button has-custom-width wp-block-button__width-100 has-custom-font-size\" style=\"font-size:21px\"><a class=\"wp-block-button__link has-white-color has-luminous-vivid-orange-background-color has-text-color has-background has-link-color wp-element-button\" style=\"border-radius:10px\"><strong>Enviar e-mail para um agente<\/strong><\/a><\/div>\n<\/div>\n<\/div>\n\n\n\n<div class=\"wp-block-column is-layout-flow wp-block-column-is-layout-flow\">\n<div class=\"wp-block-buttons is-content-justification-center is-layout-flex wp-container-core-buttons-is-layout-16018d1d wp-block-buttons-is-layout-flex\">\n<div class=\"wp-block-button has-custom-width wp-block-button__width-100 has-custom-font-size\" style=\"font-size:21px\"><a class=\"wp-block-button__link has-white-color has-luminous-vivid-orange-background-color has-text-color has-background has-link-color wp-element-button\" style=\"border-radius:10px\"><strong>Ligue para um agente <br>954-969-0069<\/strong><\/a><\/div>\n<\/div>\n<\/div>\n<\/div>\n\n\n\n<div class=\"wp-block-columns is-layout-flex wp-container-core-columns-is-layout-9d6595d7 wp-block-columns-is-layout-flex\">\n<div class=\"wp-block-column is-layout-flow wp-block-column-is-layout-flow\">\n<h2 class=\"wp-block-heading has-text-align-center\">Book The Hilton Resort and The Cruise For a Discount<\/h2>\n\n\n\n<div class=\"wp-block-columns is-layout-flex wp-container-core-columns-is-layout-9d6595d7 wp-block-columns-is-layout-flex\">\n<div class=\"wp-block-column is-layout-flow wp-block-column-is-layout-flow\">\n<div class=\"wp-block-columns is-layout-flex wp-container-core-columns-is-layout-9d6595d7 wp-block-columns-is-layout-flex\">\n<div class=\"wp-block-column is-layout-flow wp-block-column-is-layout-flow\">\n<h4 class=\"wp-block-heading has-text-align-center\">Reserve o pacote Bimini Hilton Resort e cruzeiro<\/h4>\n\n\n\n<h3 class=\"wp-block-heading has-text-align-center\" style=\"font-size:18px\">Book Bimini Hilton Resort and Cruise package<\/h3>\n<\/div>\n<\/div>\n\n\n\n<div class=\"wp-block-buttons is-content-justification-center is-layout-flex wp-container-core-buttons-is-layout-16018d1d wp-block-buttons-is-layout-flex\">\n<div class=\"wp-block-button has-custom-width wp-block-button__width-100 has-custom-font-size\" style=\"font-size:23px\"><a class=\"wp-block-button__link has-white-color has-luminous-vivid-orange-background-color has-text-color has-background has-link-color wp-element-button\" href=\"https:\/\/m.1daycruise.com\" style=\"border-radius:10px\" target=\"_blank\" rel=\"noopener\"><strong>Hilton Resort and Cruise<\/strong><\/a><\/div>\n<\/div>\n<\/div>\n\n\n\n<div class=\"wp-block-column is-layout-flow wp-block-column-is-layout-flow\">\n<div class=\"wp-block-columns is-layout-flex wp-container-core-columns-is-layout-9d6595d7 wp-block-columns-is-layout-flex\">\n<div class=\"wp-block-column is-layout-flow wp-block-column-is-layout-flow\">\n<h4 class=\"wp-block-heading has-text-align-center\">Procure hoteis em Freeport Bahamas<\/h4>\n\n\n\n<h3 class=\"wp-block-heading has-text-align-center has-medium-font-size\">Look For Freeport Bahamas Hotels<\/h3>\n<\/div>\n<\/div>\n\n\n\n<div class=\"wp-block-buttons is-content-justification-center is-layout-flex wp-container-core-buttons-is-layout-16018d1d wp-block-buttons-is-layout-flex\">\n<div class=\"wp-block-button has-custom-width wp-block-button__width-100 has-custom-font-size\" style=\"font-size:23px\"><a class=\"wp-block-button__link has-white-color has-luminous-vivid-orange-background-color has-text-color has-background has-link-color wp-element-button\" href=\"https:\/\/ht41.us\/GrandBahamaIsland\" style=\"border-radius:10px\" target=\"_blank\" rel=\"noreferrer noopener nofollow\"><strong>Book Freepoert Hotels Only<\/strong><\/a><\/div>\n<\/div>\n<\/div>\n<\/div>\n<\/div>\n<\/div>\n<\/div>\n<\/div>\n<\/div>\n<\/div>\n\n\n\n<div style=\"height:40px\" aria-hidden=\"true\" class=\"wp-block-spacer\"><\/div>\n\n\n\n<div class=\"wp-block-columns is-layout-flex wp-container-core-columns-is-layout-9d6595d7 wp-block-columns-is-layout-flex\">\n<div class=\"wp-block-column is-layout-flow wp-block-column-is-layout-flow\">\n<hr class=\"wp-block-separator has-alpha-channel-opacity is-style-wide\"\/>\n\n\n\n<p class=\"has-text-align-center\">An\u00fancio<\/p>\n\n\n\n<!-- Google ads-->\n<script async src=\"https:\/\/pagead2.googlesyndication.com\/pagead\/js\/adsbygoogle.js?client=ca-pub-2209331448240614\"\n     crossorigin=\"anonymous\"><\/script>\n<!-- CruzeiroParaBahamas -->\n<ins class=\"adsbygoogle\"\n     style=\"display:block\"\n     data-ad-client=\"ca-pub-2209331448240614\"\n     data-ad-slot=\"8947626811\"\n     data-ad-format=\"auto\"\n     data-full-width-responsive=\"true\"><\/ins>\n<script>\n     (adsbygoogle = window.adsbygoogle || []).push({});\n<\/script>\n<!-- \/Google ads-->\n\n\n\n<p class=\"has-text-align-center\">Continue lendo sobre Bahamas<\/p>\n\n\n\n<hr class=\"wp-block-separator has-alpha-channel-opacity is-style-wide\"\/>\n<\/div>\n<\/div>\n\n\n\n<div class=\"wp-block-columns is-layout-flex wp-container-core-columns-is-layout-9d6595d7 wp-block-columns-is-layout-flex\">\n<div class=\"wp-block-column has-background is-layout-flow wp-block-column-is-layout-flow\" style=\"background-color:#fbf5be\">\n<h2 class=\"wp-block-heading has-text-align-center\">Fotos de Freeport e Bimini Bahamas<\/h2>\n\n\n\n<h2 class=\"wp-block-heading has-text-align-center\">Photos of Freeport and Bimini Bahamas<\/h2>\n\n\n\n<div class=\"wp-block-columns is-layout-flex wp-container-core-columns-is-layout-9d6595d7 wp-block-columns-is-layout-flex\">\n<div class=\"wp-block-column is-layout-flow wp-block-column-is-layout-flow\"><div class=\"wp-block-image\">\n<figure class=\"aligncenter size-full\"><img decoding=\"async\"  src=\"data:image\/gif,GIF89a%01%00%01%00%80%00%00%00%00%00%FF%FF%FF%21%F9%04%01%00%00%00%00%2C%00%00%00%00%01%00%01%00%00%02%01D%00%3B\" data-layzr=\"https:\/\/cruzeiroparabahamas.com\/wp-content\/uploads\/2024\/10\/Tropical-drinks-for-a-tropical-Caribbean-beach-party.jpg\" alt=\"Bebidas tropicais para uma festa na praia tropical das Bahamas\" class=\"wp-image-55\"\/><figcaption class=\"wp-element-caption\">Bebidas tropicais para uma festa na praia tropical das Bahamas<\/figcaption><\/figure>\n<\/div><\/div>\n<\/div>\n<\/div>\n<\/div>\n\n\n\n<div style=\"height:40px\" aria-hidden=\"true\" class=\"wp-block-spacer\"><\/div>\n\n\n\n<div class=\"wp-block-columns is-layout-flex wp-container-core-columns-is-layout-9d6595d7 wp-block-columns-is-layout-flex\">\n<div class=\"wp-block-column has-background is-layout-flow wp-block-column-is-layout-flow\" style=\"background-color:#f8f2ff\">\n<h2 class=\"wp-block-heading\">Festa na piscina no Hilton em Bimini Bahamas<\/h2>\n\n\n\n<div class=\"wp-block-columns is-layout-flex wp-container-core-columns-is-layout-9d6595d7 wp-block-columns-is-layout-flex\">\n<div class=\"wp-block-column is-layout-flow wp-block-column-is-layout-flow\">\n<div class=\"wp-block-columns is-layout-flex wp-container-core-columns-is-layout-9d6595d7 wp-block-columns-is-layout-flex\">\n<div class=\"wp-block-column is-layout-flow wp-block-column-is-layout-flow\"><div class=\"wp-block-image\">\n<figure class=\"aligncenter size-full\"><img decoding=\"async\"  src=\"data:image\/gif,GIF89a%01%00%01%00%80%00%00%00%00%00%FF%FF%FF%21%F9%04%01%00%00%00%00%2C%00%00%00%00%01%00%01%00%00%02%01D%00%3B\" data-layzr=\"https:\/\/cruzeiroparabahamas.com\/wp-content\/uploads\/2024\/09\/large-group-of-people-in-the-pool.jpg\" alt=\"large group of party people in the pool\" class=\"wp-image-18\"\/><figcaption class=\"wp-element-caption\">Festa na piscina no Hilton em Bimini Bahamas<\/figcaption><\/figure>\n<\/div><\/div>\n\n\n\n<div class=\"wp-block-column is-layout-flow wp-block-column-is-layout-flow\">\n<p>Festa na piscina no Hilton em Bimini Bahamas<\/p>\n<\/div>\n<\/div>\n<\/div>\n<\/div>\n<\/div>\n<\/div>\n\n\n\n<div class=\"wp-block-columns is-layout-flex wp-container-core-columns-is-layout-9d6595d7 wp-block-columns-is-layout-flex\">\n<div class=\"wp-block-column is-layout-flow wp-block-column-is-layout-flow\">\n<hr class=\"wp-block-separator has-alpha-channel-opacity is-style-wide\"\/>\n\n\n\n<p class=\"has-text-align-center\">An\u00fancio<\/p>\n\n\n\n<!-- Google ads-->\n<script async src=\"https:\/\/pagead2.googlesyndication.com\/pagead\/js\/adsbygoogle.js?client=ca-pub-2209331448240614\"\n     crossorigin=\"anonymous\"><\/script>\n<!-- CruzeiroParaBahamas -->\n<ins class=\"adsbygoogle\"\n     style=\"display:block\"\n     data-ad-client=\"ca-pub-2209331448240614\"\n     data-ad-slot=\"8947626811\"\n     data-ad-format=\"auto\"\n     data-full-width-responsive=\"true\"><\/ins>\n<script>\n     (adsbygoogle = window.adsbygoogle || []).push({});\n<\/script>\n<!-- \/Google ads-->\n\n\n\n<p class=\"has-text-align-center\">Continue lendo sobre Bahamas<\/p>\n\n\n\n<hr class=\"wp-block-separator has-alpha-channel-opacity is-style-wide\"\/>\n<\/div>\n<\/div>\n\n\n\n<div class=\"wp-block-columns is-layout-flex wp-container-core-columns-is-layout-9d6595d7 wp-block-columns-is-layout-flex\">\n<div class=\"wp-block-column has-background is-layout-flow wp-block-column-is-layout-flow\" style=\"background-color:#f8f2ff\">\n<h2 class=\"wp-block-heading\">O que fazer nas Bahamas<\/h2>\n\n\n\n<div class=\"wp-block-columns is-layout-flex wp-container-core-columns-is-layout-9d6595d7 wp-block-columns-is-layout-flex\">\n<div class=\"wp-block-column is-layout-flow wp-block-column-is-layout-flow\">\n<div class=\"wp-block-columns is-layout-flex wp-container-core-columns-is-layout-9d6595d7 wp-block-columns-is-layout-flex\">\n<div class=\"wp-block-column is-layout-flow wp-block-column-is-layout-flow\"><div class=\"wp-block-image\">\n<figure class=\"aligncenter size-full\"><img decoding=\"async\"  src=\"data:image\/gif,GIF89a%01%00%01%00%80%00%00%00%00%00%FF%FF%FF%21%F9%04%01%00%00%00%00%2C%00%00%00%00%01%00%01%00%00%02%01D%00%3B\" data-layzr=\"https:\/\/cruzeiroparabahamas.com\/wp-content\/uploads\/2024\/09\/Teenagers-in-sea-with-canoe-640-427-28.jpg\" alt=\"Teenagers-in-sea-with-canoe\" class=\"wp-image-20\"\/><figcaption class=\"wp-element-caption\">O que fazer nas Bahamas<\/figcaption><\/figure>\n<\/div><\/div>\n\n\n\n<div class=\"wp-block-column is-layout-flow wp-block-column-is-layout-flow\">\n<p>O que fazer nas Bahamas<\/p>\n<\/div>\n<\/div>\n<\/div>\n<\/div>\n<\/div>\n<\/div>\n\n\n\n<div class=\"wp-block-columns is-layout-flex wp-container-core-columns-is-layout-9d6595d7 wp-block-columns-is-layout-flex\">\n<div class=\"wp-block-column has-background is-layout-flow wp-block-column-is-layout-flow\" style=\"background-color:#faf1f1\">\n<h2 class=\"wp-block-heading has-text-align-center\">Hor\u00e1rios de partida e chegada<\/h2>\n\n\n\n<h2 class=\"wp-block-heading has-text-align-center\">Departure and Arrival times<\/h2>\n\n\n\n<h3 class=\"wp-block-heading has-text-align-center\">Port Everglades, Fort Lauderdale &#8211; Hor\u00e1rio do cruzeiro diurno<\/h3>\n\n\n\n<h3 class=\"wp-block-heading has-text-align-center\"><strong>Port Everglades, Fort Lauderdale &#8211; Day Time cruise schedule<\/strong><\/h3>\n\n\n\n<figure class=\"wp-block-table\"><table class=\"has-fixed-layout\"><thead><tr><th>Devido ao clima, os hor\u00e1rios s\u00e3o apoxamate e minha mudan\u00e7a sem aviso pr\u00e9vio<br>Due to weather, times are apoxamate and my change without notice<\/th><th>Departs<\/th><th>Arrives<\/th><\/tr><\/thead><tbody><tr><td><strong>Port Everglades<\/strong><\/td><td><strong>9:00 AM<\/strong><\/td><td><\/td><\/tr><tr><td><strong>Grand Bahama Island<\/strong><\/td><td><\/td><td><strong>12:00 PM<\/strong><\/td><\/tr><tr><td><strong>Grand Bahama Island<\/strong><\/td><td><strong>7: 00 PM<\/strong><\/td><td><\/td><\/tr><tr><td><strong>Port Everglades<\/strong><\/td><td><\/td><td><strong>10:00 PM<\/strong><\/td><\/tr><\/tbody><\/table><figcaption class=\"wp-element-caption\"><strong>Deve estar em Port Everglades at\u00e9 \u00e0s 8:00 da manh\u00e3<\/strong><\/figcaption><\/figure>\n<\/div>\n<\/div>\n\n\n\n<div class=\"wp-block-columns is-layout-flex wp-container-core-columns-is-layout-9d6595d7 wp-block-columns-is-layout-flex\">\n<div class=\"wp-block-column is-layout-flow wp-block-column-is-layout-flow\">\n<hr class=\"wp-block-separator has-alpha-channel-opacity is-style-wide\"\/>\n\n\n\n<p class=\"has-text-align-center\">An\u00fancio<\/p>\n\n\n\n<!-- Google ads-->\n<script async src=\"https:\/\/pagead2.googlesyndication.com\/pagead\/js\/adsbygoogle.js?client=ca-pub-2209331448240614\"\n     crossorigin=\"anonymous\"><\/script>\n<!-- CruzeiroParaBahamas -->\n<ins class=\"adsbygoogle\"\n     style=\"display:block\"\n     data-ad-client=\"ca-pub-2209331448240614\"\n     data-ad-slot=\"8947626811\"\n     data-ad-format=\"auto\"\n     data-full-width-responsive=\"true\"><\/ins>\n<script>\n     (adsbygoogle = window.adsbygoogle || []).push({});\n<\/script>\n<!-- \/Google ads-->\n\n\n\n<p class=\"has-text-align-center\">Continue lendo sobre Bahamas<\/p>\n\n\n\n<hr class=\"wp-block-separator has-alpha-channel-opacity is-style-wide\"\/>\n<\/div>\n<\/div>\n\n\n\n<div class=\"wp-block-columns is-layout-flex wp-container-core-columns-is-layout-9d6595d7 wp-block-columns-is-layout-flex\">\n<div class=\"wp-block-column is-layout-flow wp-block-column-is-layout-flow\">\n<figure class=\"wp-block-table\"><table class=\"has-fixed-layout\"><thead><tr><th>Os pre\u00e7os s\u00e3o por pessoa<\/th><th>Price<\/th><th>Impostos<br>Taxes<\/th><\/tr><\/thead><tbody><tr><td><\/td><td><\/td><td><\/td><\/tr><tr><td><\/td><td><\/td><td><\/td><\/tr><tr><td><\/td><td><\/td><td><\/td><\/tr><\/tbody><\/table><\/figure>\n<\/div>\n<\/div>\n\n\n\n<p><\/p>\n","protected":false},"excerpt":{"rendered":"<p>Cruzeiro Para as Bahamas Saindo de Miami ou\u00a0Fort Lauderdale ou Palm Beach Cruzeiro para Bimini Bahamas ou Freeport Bahamas Ilha de Bimini, nas Bahamas ou Freeport Bahamas Cruzeiro para Bahamas, mais barato e a melhor maneira de chegar a Bahamas Cruzeiro para Grande Ilha Bahamas partindo de Fort Lauderdale Floida Cruise to Freeport from Fort Lauderdale Florida Ponto de partida: Porto Everglades Fort Lauderdale Florida O Sul da Fl\u00f3rida \u00e9 um \u00f3timo lugar para visitar e para viver. Uma das coisas que ainda torna mais especial a regi\u00e3o, \u00e9 estar pr\u00f3ximo das muitas ilhas tropicais e sub-tropicais. Ent\u00e3o, se voc\u00ea <\/p>\n","protected":false},"author":1,"featured_media":13,"parent":0,"menu_order":0,"comment_status":"closed","ping_status":"closed","template":"","meta":{"footnotes":""},"class_list":["post-12","page","type-page","status-publish","has-post-thumbnail","hentry","has_thumb"],"_links":{"self":[{"href":"https:\/\/cruzeiroparabahamas.com\/index.php\/wp-json\/wp\/v2\/pages\/12","targetHints":{"allow":["GET"]}}],"collection":[{"href":"https:\/\/cruzeiroparabahamas.com\/index.php\/wp-json\/wp\/v2\/pages"}],"about":[{"href":"https:\/\/cruzeiroparabahamas.com\/index.php\/wp-json\/wp\/v2\/types\/page"}],"author":[{"embeddable":true,"href":"https:\/\/cruzeiroparabahamas.com\/index.php\/wp-json\/wp\/v2\/users\/1"}],"replies":[{"embeddable":true,"href":"https:\/\/cruzeiroparabahamas.com\/index.php\/wp-json\/wp\/v2\/comments?post=12"}],"version-history":[{"count":25,"href":"https:\/\/cruzeiroparabahamas.com\/index.php\/wp-json\/wp\/v2\/pages\/12\/revisions"}],"predecessor-version":[{"id":63,"href":"https:\/\/cruzeiroparabahamas.com\/index.php\/wp-json\/wp\/v2\/pages\/12\/revisions\/63"}],"wp:featuredmedia":[{"embeddable":true,"href":"https:\/\/cruzeiroparabahamas.com\/index.php\/wp-json\/wp\/v2\/media\/13"}],"wp:attachment":[{"href":"https:\/\/cruzeiroparabahamas.com\/index.php\/wp-json\/wp\/v2\/media?parent=12"}],"curies":[{"name":"wp","href":"https:\/\/api.w.org\/{rel}","templated":true}]}}